{"id":877,"date":"2022-12-02T00:47:37","date_gmt":"2022-12-02T00:47:37","guid":{"rendered":"https:\/\/dev.vitopelargentina.com\/?page_id=877"},"modified":"2025-06-09T22:33:05","modified_gmt":"2025-06-09T22:33:05","slug":"historia","status":"publish","type":"page","link":"https:\/\/dev.vitopelargentina.com\/en\/historia\/","title":{"rendered":"OUR HISTORY"},"content":{"rendered":"<div data-elementor-type=\"wp-page\" data-elementor-id=\"877\" class=\"elementor elementor-877\">\n\t\t\t\t\t\t<section class=\"elementor-section elementor-top-section elementor-element elementor-element-9e3e3f5 elementor-section-boxed elementor-section-height-default elementor-section-height-default\" data-id=\"9e3e3f5\" data-element_type=\"section\" data-settings=\"{&quot;background_background&quot;:&quot;gradient&quot;,&quot;shape_divider_bottom&quot;:&quot;arrow&quot;,&quot;shape_divider_bottom_negative&quot;:&quot;yes&quot;}\">\n\t\t\t\t\t\t\t<div class=\"elementor-background-overlay\"><\/div>\n\t\t\t\t\t\t<div class=\"elementor-shape elementor-shape-bottom\" aria-hidden=\"true\" data-negative=\"true\">\n\t\t\t<svg xmlns=\"http:\/\/www.w3.org\/2000\/svg\" viewbox=\"0 0 700 10\" preserveaspectratio=\"none\">\n\t<path class=\"elementor-shape-fill\" d=\"M360 0L350 9.9 340 0 0 0 0 10 700 10 700 0\"\/>\n<\/svg>\t\t<\/div>\n\t\t\t\t\t<div class=\"elementor-container elementor-column-gap-default\">\n\t\t\t\t\t<div class=\"elementor-column elementor-col-100 elementor-top-column elementor-element elementor-element-f6bb386\" data-id=\"f6bb386\" data-element_type=\"column\">\n\t\t\t<div class=\"elementor-widget-wrap elementor-element-populated\">\n\t\t\t\t\t\t<div class=\"elementor-element elementor-element-0da2a2c elementor-widget elementor-widget-heading\" data-id=\"0da2a2c\" data-element_type=\"widget\" data-widget_type=\"heading.default\">\n\t\t\t\t<div class=\"elementor-widget-container\">\n\t\t\t\t\t<h1 class=\"elementor-heading-title elementor-size-default\">OUR HISTORY<\/h1>\t\t\t\t<\/div>\n\t\t\t\t<\/div>\n\t\t\t\t\t<\/div>\n\t\t<\/div>\n\t\t\t\t\t<\/div>\n\t\t<\/section>\n\t\t\t\t<section class=\"elementor-section elementor-top-section elementor-element elementor-element-8ba14cb elementor-section-boxed elementor-section-height-default elementor-section-height-default\" data-id=\"8ba14cb\" data-element_type=\"section\" data-settings=\"{&quot;background_background&quot;:&quot;classic&quot;}\">\n\t\t\t\t\t\t\t<div class=\"elementor-background-overlay\"><\/div>\n\t\t\t\t\t\t\t<div class=\"elementor-container elementor-column-gap-default\">\n\t\t\t\t\t<div class=\"elementor-column elementor-col-100 elementor-top-column elementor-element elementor-element-ed82d40\" data-id=\"ed82d40\" data-element_type=\"column\" data-settings=\"{&quot;background_background&quot;:&quot;classic&quot;}\">\n\t\t\t<div class=\"elementor-widget-wrap elementor-element-populated\">\n\t\t\t\t\t\t<div class=\"elementor-element elementor-element-7d74337 elementor-invisible elementor-widget elementor-widget-timeline-widget-addon\" data-id=\"7d74337\" data-element_type=\"widget\" data-settings=\"{&quot;_animation&quot;:&quot;fadeIn&quot;}\" data-widget_type=\"timeline-widget-addon.default\">\n\t\t\t\t<div class=\"elementor-widget-container\">\n\t\t\t\t\t<!-- ========= Timeline Widget Addon For Elementor 1.6.14 ========= -->\n<div id=\"twae-wrapper-7d74337\" class=\"twae-vertical twae-wrapper  twae-both-sided\">   \n    <div class=\"twae-start\"><\/div>    \n    <div id=\"twea-timeline-7d74337\" class=\"twae-timeline\" ><!-- Start of Story Repeater Content --><div id=\"story-77b6e60\" class=\"twae-story twae-repeater-item twae-story-right twae-story-no-icon\"><!-- Story Label --><div class=\"twae-labels\"><div class=\"twae-label-big\">1979<\/div><\/div><!-- Story Icon Dot --><div class=\"twae-icondot\"><\/div><!-- Story Arrow --><div class=\"twae-arrow\"><\/div><!-- Start of Story Content --><div class=\"twae-content\"><!-- Story Title --><div class=\"twae-title\">Vitopel Foundation<\/div><!-- Story Image --><div class=\"twae-media medium_large\"><img fetchpriority=\"high\" decoding=\"async\" width=\"768\" height=\"644\" src=\"https:\/\/dev.vitopelargentina.com\/wp-content\/uploads\/2022\/12\/Inicio-Vitopel-768x644.jpg\" class=\"attachment-medium_large size-medium_large\" alt=\"\" srcset=\"https:\/\/dev.vitopelargentina.com\/wp-content\/uploads\/2022\/12\/Inicio-Vitopel-768x644.jpg 768w, https:\/\/dev.vitopelargentina.com\/wp-content\/uploads\/2022\/12\/Inicio-Vitopel-300x251.jpg 300w, https:\/\/dev.vitopelargentina.com\/wp-content\/uploads\/2022\/12\/Inicio-Vitopel-14x12.jpg 14w, https:\/\/dev.vitopelargentina.com\/wp-content\/uploads\/2022\/12\/Inicio-Vitopel.jpg 940w\" sizes=\"(max-width: 768px) 100vw, 768px\" \/><\/div><\/div><\/div><!-- Start of Story Repeater Content --><div id=\"story-3ddcf26\" class=\"twae-story twae-repeater-item twae-story-left twae-story-no-icon\"><!-- Story Label --><div class=\"twae-labels\"><div class=\"twae-label-big\">1988<\/div><\/div><!-- Story Icon Dot --><div class=\"twae-icondot\"><\/div><!-- Story Arrow --><div class=\"twae-arrow\"><\/div><!-- Start of Story Content --><div class=\"twae-content\"><!-- Story Title --><div class=\"twae-title\">Arcor Group starts<\/div><!-- Story Description --><div class=\"twae-description\"><div class=\"boc_list_item\"><div class=\"boc_list_item_text normal\"><p>Arcor Group starts the production of BOPP in Totoral\/Argentina<\/p><\/div><\/div><\/div><\/div><\/div><!-- Start of Story Repeater Content --><div id=\"story-9020c51\" class=\"twae-story twae-repeater-item twae-story-right twae-story-no-icon\"><!-- Story Label --><div class=\"twae-labels\"><div class=\"twae-label-big\">1989<\/div><\/div><!-- Story Icon Dot --><div class=\"twae-icondot\"><\/div><!-- Story Arrow --><div class=\"twae-arrow\"><\/div><!-- Start of Story Content --><div class=\"twae-content\"><!-- Story Title --><div class=\"twae-title\">Metallized BOPP<\/div><!-- Story Description --><div class=\"twae-description\"><div class=\"boc_list_item\"><div class=\"boc_list_item_text normal\"><div class=\"boc_list_item\"><div class=\"boc_list_item_text normal\"><p>Start of production of metallic BOPP in Totoral\/Argentina.<\/p><\/div><\/div><\/div><\/div><\/div><\/div><\/div><!-- Start of Story Repeater Content --><div id=\"story-01a4ae1\" class=\"twae-story twae-repeater-item twae-story-left twae-story-no-icon\"><!-- Story Label --><div class=\"twae-labels\"><div class=\"twae-label-big\">1996<\/div><\/div><!-- Story Icon Dot --><div class=\"twae-icondot\"><\/div><!-- Story Arrow --><div class=\"twae-arrow\"><\/div><!-- Start of Story Content --><div class=\"twae-content\"><!-- Story Title --><div class=\"twae-title\">ISO 9000<\/div><!-- Story Description --><div class=\"twae-description\"><div class=\"boc_list_item\"><div class=\"boc_list_item_text normal\"><div class=\"boc_list_item\"><div class=\"boc_list_item_text normal\"><div class=\"boc_list_item\"><div class=\"boc_list_item_text normal\"><p>ISO9000 certification in Argentina.<\/p><\/div><\/div><\/div><\/div><\/div><\/div><\/div><\/div><\/div><!-- Start of Story Repeater Content --><div id=\"story-bfa0d1b\" class=\"twae-story twae-repeater-item twae-story-right twae-story-no-icon\"><!-- Story Label --><div class=\"twae-labels\"><div class=\"twae-label-big\">1997<\/div><\/div><!-- Story Icon Dot --><div class=\"twae-icondot\"><\/div><!-- Story Arrow --><div class=\"twae-arrow\"><\/div><!-- Start of Story Content --><div class=\"twae-content\"><!-- Story Title --><div class=\"twae-title\">Brazil<\/div><!-- Story Description --><div class=\"twae-description\"><div class=\"boc_list_item\"><div class=\"boc_list_item_text normal\"><div class=\"boc_list_item\"><div class=\"boc_list_item_text normal\"><div class=\"boc_list_item\"><div class=\"boc_list_item_text normal\"><div class=\"boc_list_item\"><div class=\"boc_list_item_text normal\"><p>Acquisition of Koppol in Mau\u00e1\/Brazil.<\/p><\/div><\/div><\/div><\/div><\/div><\/div><\/div><\/div><\/div><\/div><\/div><!-- Start of Story Repeater Content --><div id=\"story-f31236c\" class=\"twae-story twae-repeater-item twae-story-left twae-story-no-icon\"><!-- Story Label --><div class=\"twae-labels\"><div class=\"twae-label-big\">2002<\/div><\/div><!-- Story Icon Dot --><div class=\"twae-icondot\"><\/div><!-- Story Arrow --><div class=\"twae-arrow\"><\/div><!-- Start of Story Content --><div class=\"twae-content\"><!-- Story Title --><div class=\"twae-title\">Line 5<\/div><!-- Story Description --><div class=\"twae-description\"><div class=\"boc_list_item\"><div class=\"boc_list_item_text normal\"><div class=\"boc_list_item\"><div class=\"boc_list_item_text normal\"><div class=\"boc_list_item\"><div class=\"boc_list_item_text normal\"><p>Line 5 \u2013 Mau\u00e1. The world's fastest BOPP production line. <br \/>In BOPP production<br \/>Adquisici\u00f3n Jumboteca.<\/p><\/div><\/div><\/div><\/div><\/div><\/div><\/div><\/div><\/div><!-- Start of Story Repeater Content --><div id=\"story-c3169b9\" class=\"twae-story twae-repeater-item twae-story-right twae-story-no-icon\"><!-- Story Label --><div class=\"twae-labels\"><div class=\"twae-label-big\">2004<\/div><\/div><!-- Story Icon Dot --><div class=\"twae-icondot\"><\/div><!-- Story Arrow --><div class=\"twae-arrow\"><\/div><!-- Start of Story Content --><div class=\"twae-content\"><!-- Story Title --><div class=\"twae-title\">ISO 14000<\/div><!-- Story Description --><div class=\"twae-description\"><div class=\"boc_list_item\"><div class=\"boc_list_item_text normal\"><div class=\"boc_list_item\"><div class=\"boc_list_item_text normal\"><div class=\"boc_list_item\"><div class=\"boc_list_item_text normal\"><div class=\"wpb_column vc_column_container vc_col-sm-6\"><div class=\"vc_column-inner\"><div class=\"wpb_wrapper\"><div class=\"boc_list_item\"><div class=\"boc_list_item_text normal\"><p>ISO14000 certification in Brazil<\/p><\/div><\/div><\/div><\/div><\/div><\/div><\/div><\/div><\/div><\/div><\/div><\/div><\/div><\/div><!-- Start of Story Repeater Content --><div id=\"story-ade2393\" class=\"twae-story twae-repeater-item twae-story-left twae-story-no-icon\"><!-- Story Label --><div class=\"twae-labels\"><div class=\"twae-label-big\">2005<\/div><\/div><!-- Story Icon Dot --><div class=\"twae-icondot\"><\/div><!-- Story Arrow --><div class=\"twae-arrow\"><\/div><!-- Start of Story Content --><div class=\"twae-content\"><!-- Story Title --><div class=\"twae-title\">Acquisition of EBFF<\/div><!-- Story Description --><div class=\"twae-description\"><p>Acquisition of EBFF in Votorantim\/Brazil.<br \/><br \/><\/p><\/div><\/div><\/div><!-- Start of Story Repeater Content --><div id=\"story-064823a\" class=\"twae-story twae-repeater-item twae-story-right twae-story-no-icon\"><!-- Story Label --><div class=\"twae-labels\"><div class=\"twae-label-big\">2005<\/div><\/div><!-- Story Icon Dot --><div class=\"twae-icondot\"><\/div><!-- Story Arrow --><div class=\"twae-arrow\"><\/div><!-- Start of Story Content --><div class=\"twae-content\"><!-- Story Title --><div class=\"twae-title\"> TPM (Total Productive Maintenance)<\/div><!-- Story Description --><div class=\"twae-description\"><p><span style=\"font-weight: 400\">An industrial management methodology aimed at maximizing equipment efficiency through preventive maintenance, continuous improvement, and the active participation of all personnel.<\/span><\/p><\/div><\/div><\/div><!-- Start of Story Repeater Content --><div id=\"story-71f5b8f\" class=\"twae-story twae-repeater-item twae-story-left twae-story-no-icon\"><!-- Story Label --><div class=\"twae-labels\"><div class=\"twae-label-big\">2007<\/div><\/div><!-- Story Icon Dot --><div class=\"twae-icondot\"><\/div><!-- Story Arrow --><div class=\"twae-arrow\"><\/div><!-- Start of Story Content --><div class=\"twae-content\"><!-- Story Description --><div class=\"twae-description\"><p>Incorporation of EBFF, becoming a single company called Vitopel do Brazil Ltda.<\/p><\/div><\/div><\/div><!-- Start of Story Repeater Content --><div id=\"story-e01c931\" class=\"twae-story twae-repeater-item twae-story-right twae-story-no-icon\"><!-- Story Label --><div class=\"twae-labels\"><div class=\"twae-label-big\">2009<\/div><\/div><!-- Story Icon Dot --><div class=\"twae-icondot\"><\/div><!-- Story Arrow --><div class=\"twae-arrow\"><\/div><!-- Start of Story Content --><div class=\"twae-content\"><!-- Story Title --><div class=\"twae-title\">SUSTAINABLE PRODUCT<\/div><!-- Story Description --><div class=\"twae-description\"><div class=\"boc_list_item\"><div class=\"boc_list_item_text normal\"><p>Sustainable product strategies initiated by Vitopaper.<\/p><\/div><\/div><\/div><\/div><\/div><!-- Start of Story Repeater Content --><div id=\"story-e796280\" class=\"twae-story twae-repeater-item twae-story-left twae-story-no-icon\"><!-- Story Label --><div class=\"twae-labels\"><div class=\"twae-label-big\">2012<\/div><\/div><!-- Story Icon Dot --><div class=\"twae-icondot\"><\/div><!-- Story Arrow --><div class=\"twae-arrow\"><\/div><!-- Start of Story Content --><div class=\"twae-content\"><!-- Story Title --><div class=\"twae-title\">VISION CAPITAL<\/div><!-- Story Description --><div class=\"twae-description\"><div class=\"boc_list_item\"><div class=\"boc_list_item_text normal\"><p>Vision Capital acquires 100% of the shareholding control of Vitopel (Brazil and Argentina).<\/p><\/div><\/div><\/div><\/div><\/div><!-- Start of Story Repeater Content --><div id=\"story-0393591\" class=\"twae-story twae-repeater-item twae-story-right twae-story-no-icon\"><!-- Story Label --><div class=\"twae-labels\"><div class=\"twae-label-big\">2015<\/div><\/div><!-- Story Icon Dot --><div class=\"twae-icondot\"><\/div><!-- Story Arrow --><div class=\"twae-arrow\"><\/div><!-- Start of Story Content --><div class=\"twae-content\"><!-- Story Title --><div class=\"twae-title\">NEW SHAREHOLDERS - ARGENTINA<\/div><!-- Story Description --><div class=\"twae-description\"><div class=\"boc_list_item\"><div class=\"boc_list_item_text normal\"><p>National Shareholders acquire Vitopel Argentina.<\/p><\/div><\/div><\/div><\/div><\/div><!-- Start of Story Repeater Content --><div id=\"story-2951e3a\" class=\"twae-story twae-repeater-item twae-story-left twae-story-no-icon\"><!-- Story Label --><div class=\"twae-labels\"><div class=\"twae-label-big\">2016<\/div><\/div><!-- Story Icon Dot --><div class=\"twae-icondot\"><\/div><!-- Story Arrow --><div class=\"twae-arrow\"><\/div><!-- Start of Story Content --><div class=\"twae-content\"><!-- Story Title --><div class=\"twae-title\">new certification<\/div><!-- Story Description --><div class=\"twae-description\"><div class=\"boc_list_item\"><div class=\"boc_list_item_text normal\"><p><span style=\"font-weight: 400\">We obtained the FSSC22000 Certification\u00a0<\/span><\/p><\/div><\/div><\/div><\/div><\/div><!-- Start of Story Repeater Content --><div id=\"story-791e2ce\" class=\"twae-story twae-repeater-item twae-story-right twae-story-no-icon\"><!-- Story Label --><div class=\"twae-labels\"><div class=\"twae-label-big\">2019<\/div><\/div><!-- Story Icon Dot --><div class=\"twae-icondot\"><\/div><!-- Story Arrow --><div class=\"twae-arrow\"><\/div><!-- Start of Story Content --><div class=\"twae-content\"><!-- Story Title --><div class=\"twae-title\">New production line<\/div><!-- Story Description --><div class=\"twae-description\"><div class=\"boc_list_item\"><div class=\"boc_list_item_text normal\"><div class=\"boc_list_item\"><div class=\"boc_list_item_text normal\"><div class=\"boc_list_item\"><div class=\"boc_list_item_text normal\"><p>Start up de producci\u00f3n de CPP<\/p><p>Launch of the VITOBARRIER  line to the regional market.<\/p><\/div><\/div><\/div><\/div><\/div><\/div><\/div><\/div><\/div><!-- Start of Story Repeater Content --><div id=\"story-8d9948e\" class=\"twae-story twae-repeater-item twae-story-left twae-story-no-icon\"><!-- Story Label --><div class=\"twae-labels\"><div class=\"twae-label-big\">2020\/21<\/div><\/div><!-- Story Icon Dot --><div class=\"twae-icondot\"><\/div><!-- Story Arrow --><div class=\"twae-arrow\"><\/div><!-- Start of Story Content --><div class=\"twae-content\"><!-- Story Title --><div class=\"twae-title\">Oslen &amp; ConslitSlitter<\/div><!-- Story Description --><div class=\"twae-description\"><div class=\"boc_list_item\"><div class=\"boc_list_item_text normal\"><div class=\"boc_list_item\"><div class=\"boc_list_item_text normal\"><div class=\"boc_list_item\"><div class=\"boc_list_item_text normal\"><p>Start up the Oslen and ConslitSlitter<\/p><\/div><\/div><\/div><\/div><\/div><\/div><\/div><\/div><\/div><!-- Start of Story Repeater Content --><div id=\"story-9dd7c5f\" class=\"twae-story twae-repeater-item twae-story-right twae-story-no-icon\"><!-- Story Label --><div class=\"twae-labels\"><div class=\"twae-label-big\">2022<\/div><\/div><!-- Story Icon Dot --><div class=\"twae-icondot\"><\/div><!-- Story Arrow --><div class=\"twae-arrow\"><\/div><!-- Start of Story Content --><div class=\"twae-content\"><!-- Story Title --><div class=\"twae-title\">We keep growing<\/div><!-- Story Description --><div class=\"twae-description\"><div class=\"boc_list_item\"><div class=\"boc_list_item_text normal\"><div class=\"boc_list_item\"><div class=\"boc_list_item_text normal\"><div class=\"boc_list_item\"><div class=\"boc_list_item_text normal\"><p><span style=\"font-weight: 400\">Start up the second CPP line<\/span><\/p><\/div><\/div><\/div><\/div><\/div><\/div><\/div><\/div><\/div><!-- Start of Story Repeater Content --><div id=\"story-b3255bd\" class=\"twae-story twae-repeater-item twae-story-left twae-story-no-icon\"><!-- Story Label --><div class=\"twae-labels\"><div class=\"twae-label-big\">2023<\/div><\/div><!-- Story Icon Dot --><div class=\"twae-icondot\"><\/div><!-- Story Arrow --><div class=\"twae-arrow\"><\/div><!-- Start of Story Content --><div class=\"twae-content\"><!-- Story Title --><div class=\"twae-title\">VITOPEL PARAGUAY: NEW BUSINESS UNIT<\/div><!-- Story Description --><div class=\"twae-description\"><div class=\"boc_list_item\"><div class=\"boc_list_item_text normal\"><div class=\"boc_list_item\"><div class=\"boc_list_item_text normal\"><div class=\"boc_list_item\"><div class=\"boc_list_item_text normal\"><p><span style=\"font-weight: 400\">Launch of Blown Film Production Line<\/span><\/p><p><span style=\"font-weight: 400\">Polyethylene Bubble Film<\/span><\/p><\/div><\/div><\/div><\/div><\/div><\/div><\/div><\/div><\/div><\/div>\n    <div class=\"twae-end\"><\/div>\n    <\/div><style type=\"text\/css\">@media (max-width: 1024px){ .twae-wrapper{--tw-ybx-size: 80px !important;}}@media (max-width: 767px){ .twae-wrapper{--tw-ybx-size: 80px !important}}<\/style>\t\t\t\t<\/div>\n\t\t\t\t<\/div>\n\t\t\t\t\t<\/div>\n\t\t<\/div>\n\t\t\t\t\t<\/div>\n\t\t<\/section>\n\t\t\t\t<section class=\"elementor-section elementor-top-section elementor-element elementor-element-049acd3 elementor-section-boxed elementor-section-height-default elementor-section-height-default\" data-id=\"049acd3\" data-element_type=\"section\" data-settings=\"{&quot;background_background&quot;:&quot;classic&quot;}\">\n\t\t\t\t\t\t<div class=\"elementor-container elementor-column-gap-default\">\n\t\t\t\t\t<div class=\"elementor-column elementor-col-100 elementor-top-column elementor-element elementor-element-0c62bb0\" data-id=\"0c62bb0\" data-element_type=\"column\">\n\t\t\t<div class=\"elementor-widget-wrap elementor-element-populated\">\n\t\t\t\t\t\t<div class=\"elementor-element elementor-element-4c8eaa8 elementor-widget elementor-widget-image\" data-id=\"4c8eaa8\" data-element_type=\"widget\" data-widget_type=\"image.default\">\n\t\t\t\t<div class=\"elementor-widget-container\">\n\t\t\t\t\t\t\t\t\t\t\t\t\t\t\t<img decoding=\"async\" width=\"74\" height=\"77\" src=\"https:\/\/dev.vitopelargentina.com\/wp-content\/uploads\/2022\/12\/logo-vitopel-1.webp\" class=\"attachment-medium_large size-medium_large wp-image-1344\" alt=\"\" srcset=\"https:\/\/dev.vitopelargentina.com\/wp-content\/uploads\/2022\/12\/logo-vitopel-1.webp 74w, https:\/\/dev.vitopelargentina.com\/wp-content\/uploads\/2022\/12\/logo-vitopel-1-12x12.webp 12w\" sizes=\"(max-width: 74px) 100vw, 74px\" \/>\t\t\t\t\t\t\t\t\t\t\t\t\t\t\t<\/div>\n\t\t\t\t<\/div>\n\t\t\t\t<div class=\"elementor-element elementor-element-6b22c65 elementor-widget elementor-widget-heading\" data-id=\"6b22c65\" data-element_type=\"widget\" data-widget_type=\"heading.default\">\n\t\t\t\t<div class=\"elementor-widget-container\">\n\t\t\t\t\t<h2 class=\"elementor-heading-title elementor-size-default\">Mission, vision and values<\/h2>\t\t\t\t<\/div>\n\t\t\t\t<\/div>\n\t\t\t\t<div class=\"elementor-element elementor-element-05674c4 elementor-align-center elementor-widget elementor-widget-button\" data-id=\"05674c4\" data-element_type=\"widget\" data-widget_type=\"button.default\">\n\t\t\t\t<div class=\"elementor-widget-container\">\n\t\t\t\t\t\t\t\t\t<div class=\"elementor-button-wrapper\">\n\t\t\t\t\t<a class=\"elementor-button elementor-button-link elementor-size-sm\" href=\"https:\/\/www.vitopelargentina.com\/empresa\/\">\n\t\t\t\t\t\t<span class=\"elementor-button-content-wrapper\">\n\t\t\t\t\t\t\t\t\t<span class=\"elementor-button-text\">Our Company<\/span>\n\t\t\t\t\t<\/span>\n\t\t\t\t\t<\/a>\n\t\t\t\t<\/div>\n\t\t\t\t\t\t\t\t<\/div>\n\t\t\t\t<\/div>\n\t\t\t\t\t<\/div>\n\t\t<\/div>\n\t\t\t\t\t<\/div>\n\t\t<\/section>\n\t\t\t\t<\/div>","protected":false},"excerpt":{"rendered":"<p>Nuestra historia 1979Fundaci\u00f3n de Vitopel1988Inicio de Grupo Arcor El grupo Arcor da inicio a la producci\u00f3n de BOPP en Totoral\/Argentina. 1989BOPP Metalizado Comienzo de la producci\u00f3n de BOPP metalizado en Totoral\/Argentina. 1996ISO 9000 Certificaci\u00f3n ISO 9000 en Argentina. 1997Brasil Adquisici\u00f3n de Koppol en Mau\u00e1\/Brasil. 2002L\u00ednea 5 L\u00ednea 5 \u2013 Mau\u00e1. La l\u00ednea m\u00e1s r\u00e1pida del [&hellip;]<\/p>","protected":false},"author":2,"featured_media":0,"parent":0,"menu_order":0,"comment_status":"closed","ping_status":"closed","template":"elementor_header_footer","meta":{"footnotes":""},"class_list":["post-877","page","type-page","status-publish","hentry"],"_links":{"self":[{"href":"https:\/\/dev.vitopelargentina.com\/en\/wp-json\/wp\/v2\/pages\/877","targetHints":{"allow":["GET"]}}],"collection":[{"href":"https:\/\/dev.vitopelargentina.com\/en\/wp-json\/wp\/v2\/pages"}],"about":[{"href":"https:\/\/dev.vitopelargentina.com\/en\/wp-json\/wp\/v2\/types\/page"}],"author":[{"embeddable":true,"href":"https:\/\/dev.vitopelargentina.com\/en\/wp-json\/wp\/v2\/users\/2"}],"replies":[{"embeddable":true,"href":"https:\/\/dev.vitopelargentina.com\/en\/wp-json\/wp\/v2\/comments?post=877"}],"version-history":[{"count":188,"href":"https:\/\/dev.vitopelargentina.com\/en\/wp-json\/wp\/v2\/pages\/877\/revisions"}],"predecessor-version":[{"id":11714,"href":"https:\/\/dev.vitopelargentina.com\/en\/wp-json\/wp\/v2\/pages\/877\/revisions\/11714"}],"wp:attachment":[{"href":"https:\/\/dev.vitopelargentina.com\/en\/wp-json\/wp\/v2\/media?parent=877"}],"curies":[{"name":"wp","href":"https:\/\/api.w.org\/{rel}","templated":true}]}}