{"id":1539,"date":"2022-12-11T16:20:42","date_gmt":"2022-12-11T16:20:42","guid":{"rendered":"https:\/\/dev.vitopelargentina.com\/?page_id=1539"},"modified":"2025-11-26T01:44:33","modified_gmt":"2025-11-26T01:44:33","slug":"politica-del-sistema-integrado-de-gestion","status":"publish","type":"page","link":"https:\/\/dev.vitopelargentina.com\/en\/politica-del-sistema-integrado-de-gestion\/","title":{"rendered":"Integrated Management System Policy"},"content":{"rendered":"<div data-elementor-type=\"wp-page\" data-elementor-id=\"1539\" class=\"elementor elementor-1539\">\n\t\t\t\t\t\t<section class=\"elementor-section elementor-top-section elementor-element elementor-element-9e3e3f5 elementor-section-boxed elementor-section-height-default elementor-section-height-default\" data-id=\"9e3e3f5\" data-element_type=\"section\" data-settings=\"{&quot;background_background&quot;:&quot;gradient&quot;,&quot;shape_divider_bottom&quot;:&quot;opacity-tilt&quot;}\">\n\t\t\t\t\t\t\t<div class=\"elementor-background-overlay\"><\/div>\n\t\t\t\t\t\t<div class=\"elementor-shape elementor-shape-bottom\" aria-hidden=\"true\" data-negative=\"false\">\n\t\t\t<svg xmlns=\"http:\/\/www.w3.org\/2000\/svg\" viewbox=\"0 0 2600 131.1\" preserveaspectratio=\"none\">\n\t<path class=\"elementor-shape-fill\" d=\"M0 0L2600 0 2600 69.1 0 0z\"\/>\n\t<path class=\"elementor-shape-fill\" style=\"opacity:0.5\" d=\"M0 0L2600 0 2600 69.1 0 69.1z\"\/>\n\t<path class=\"elementor-shape-fill\" style=\"opacity:0.25\" d=\"M2600 0L0 0 0 130.1 2600 69.1z\"\/>\n<\/svg>\t\t<\/div>\n\t\t\t\t\t<div class=\"elementor-container elementor-column-gap-default\">\n\t\t\t\t\t<div class=\"elementor-column elementor-col-100 elementor-top-column elementor-element elementor-element-f6bb386\" data-id=\"f6bb386\" data-element_type=\"column\">\n\t\t\t<div class=\"elementor-widget-wrap elementor-element-populated\">\n\t\t\t\t\t\t<div class=\"elementor-element elementor-element-0da2a2c elementor-widget elementor-widget-heading\" data-id=\"0da2a2c\" data-element_type=\"widget\" data-widget_type=\"heading.default\">\n\t\t\t\t<div class=\"elementor-widget-container\">\n\t\t\t\t\t<h1 class=\"elementor-heading-title elementor-size-default\">INTEGRATED MANAGEMENT SYSTEM POLICY<\/h1>\t\t\t\t<\/div>\n\t\t\t\t<\/div>\n\t\t\t\t\t<\/div>\n\t\t<\/div>\n\t\t\t\t\t<\/div>\n\t\t<\/section>\n\t\t\t\t<section class=\"elementor-section elementor-top-section elementor-element elementor-element-0fd7342 elementor-section-boxed elementor-section-height-default elementor-section-height-default\" data-id=\"0fd7342\" data-element_type=\"section\" data-settings=\"{&quot;background_background&quot;:&quot;classic&quot;}\">\n\t\t\t\t\t\t\t<div class=\"elementor-background-overlay\"><\/div>\n\t\t\t\t\t\t\t<div class=\"elementor-container elementor-column-gap-default\">\n\t\t\t\t\t<div class=\"elementor-column elementor-col-100 elementor-top-column elementor-element elementor-element-d3df7e1\" data-id=\"d3df7e1\" data-element_type=\"column\" data-settings=\"{&quot;background_background&quot;:&quot;classic&quot;}\">\n\t\t\t<div class=\"elementor-widget-wrap elementor-element-populated\">\n\t\t\t\t\t\t<div class=\"elementor-element elementor-element-1fd668d elementor-position-left elementor-vertical-align-middle elementor-widget elementor-widget-image-box\" data-id=\"1fd668d\" data-element_type=\"widget\" data-widget_type=\"image-box.default\">\n\t\t\t\t<div class=\"elementor-widget-container\">\n\t\t\t\t\t<div class=\"elementor-image-box-wrapper\"><figure class=\"elementor-image-box-img\"><img fetchpriority=\"high\" decoding=\"async\" width=\"500\" height=\"150\" src=\"https:\/\/dev.vitopelargentina.com\/wp-content\/uploads\/2022\/12\/politica-1.jpg\" class=\"attachment-full size-full wp-image-1554\" alt=\"\" srcset=\"https:\/\/dev.vitopelargentina.com\/wp-content\/uploads\/2022\/12\/politica-1.jpg 500w, https:\/\/dev.vitopelargentina.com\/wp-content\/uploads\/2022\/12\/politica-1-300x90.jpg 300w, https:\/\/dev.vitopelargentina.com\/wp-content\/uploads\/2022\/12\/politica-1-18x5.jpg 18w\" sizes=\"(max-width: 500px) 100vw, 500px\" \/><\/figure><div class=\"elementor-image-box-content\"><p class=\"elementor-image-box-description\"><b>Vitopel<\/b>a company that produces film solutions for flexible packaging and is committed to offering high-quality and safe products, dedicates its experience and ethical management practices to customer satisfaction, employee health and safety, and environmental protection. Vitopel assumes the following commitments:<\/p><\/div><\/div>\t\t\t\t<\/div>\n\t\t\t\t<\/div>\n\t\t\t\t<div class=\"elementor-element elementor-element-8564192 elementor-tabs-view-vertical elementor-widget elementor-widget-tabs\" data-id=\"8564192\" data-element_type=\"widget\" data-widget_type=\"tabs.default\">\n\t\t\t\t<div class=\"elementor-widget-container\">\n\t\t\t\t\t\t\t<div class=\"elementor-tabs\">\n\t\t\t<div class=\"elementor-tabs-wrapper\" role=\"tablist\" >\n\t\t\t\t\t\t\t\t\t<div id=\"elementor-tab-title-1391\" class=\"elementor-tab-title elementor-tab-desktop-title\" aria-selected=\"true\" data-tab=\"1\" role=\"tab\" tabindex=\"0\" aria-controls=\"elementor-tab-content-1391\" aria-expanded=\"false\">MANAGEMENT COMMITMENT<\/div>\n\t\t\t\t\t\t\t\t\t<div id=\"elementor-tab-title-1392\" class=\"elementor-tab-title elementor-tab-desktop-title\" aria-selected=\"false\" data-tab=\"2\" role=\"tab\" tabindex=\"-1\" aria-controls=\"elementor-tab-content-1392\" aria-expanded=\"false\">COMPLIANCE<br>LEGISLATION AND OTHER<br>REQUIREMENTS<\/div>\n\t\t\t\t\t\t\t\t\t<div id=\"elementor-tab-title-1393\" class=\"elementor-tab-title elementor-tab-desktop-title\" aria-selected=\"false\" data-tab=\"3\" role=\"tab\" tabindex=\"-1\" aria-controls=\"elementor-tab-content-1393\" aria-expanded=\"false\">CONTINUOUS IMPROVEMENT<\/div>\n\t\t\t\t\t\t\t\t\t<div id=\"elementor-tab-title-1394\" class=\"elementor-tab-title elementor-tab-desktop-title\" aria-selected=\"false\" data-tab=\"4\" role=\"tab\" tabindex=\"-1\" aria-controls=\"elementor-tab-content-1394\" aria-expanded=\"false\">OCCUPATIONAL<br>SAFETY<br>AND HEALTH<\/div>\n\t\t\t\t\t\t\t\t\t<div id=\"elementor-tab-title-1395\" class=\"elementor-tab-title elementor-tab-desktop-title\" aria-selected=\"false\" data-tab=\"5\" role=\"tab\" tabindex=\"-1\" aria-controls=\"elementor-tab-content-1395\" aria-expanded=\"false\">COMMITMENT<br>TO THE<br>ENVIRONMENT<\/div>\n\t\t\t\t\t\t\t\t\t<div id=\"elementor-tab-title-1396\" class=\"elementor-tab-title elementor-tab-desktop-title\" aria-selected=\"false\" data-tab=\"6\" role=\"tab\" tabindex=\"-1\" aria-controls=\"elementor-tab-content-1396\" aria-expanded=\"false\">QUALITY AND<br>SAFETY OF<br>PRODUCTS<\/div>\n\t\t\t\t\t\t\t<\/div>\n\t\t\t<div class=\"elementor-tabs-content-wrapper\" role=\"tablist\" aria-orientation=\"vertical\">\n\t\t\t\t\t\t\t\t\t<div class=\"elementor-tab-title elementor-tab-mobile-title\" aria-selected=\"true\" data-tab=\"1\" role=\"tab\" tabindex=\"0\" aria-controls=\"elementor-tab-content-1391\" aria-expanded=\"false\">MANAGEMENT COMMITMENT<\/div>\n\t\t\t\t\t<div id=\"elementor-tab-content-1391\" class=\"elementor-tab-content elementor-clearfix\" data-tab=\"1\" role=\"tabpanel\" aria-labelledby=\"elementor-tab-title-1391\" tabindex=\"0\" hidden=\"false\"><p>[elementor-template id=&#8221;1611&#8243;]<\/p><\/div>\n\t\t\t\t\t\t\t\t\t<div class=\"elementor-tab-title elementor-tab-mobile-title\" aria-selected=\"false\" data-tab=\"2\" role=\"tab\" tabindex=\"-1\" aria-controls=\"elementor-tab-content-1392\" aria-expanded=\"false\">COMPLIANCE<br>LEGISLATION AND OTHER<br>REQUIREMENTS<\/div>\n\t\t\t\t\t<div id=\"elementor-tab-content-1392\" class=\"elementor-tab-content elementor-clearfix\" data-tab=\"2\" role=\"tabpanel\" aria-labelledby=\"elementor-tab-title-1392\" tabindex=\"0\" hidden=\"hidden\"><p>[elementor-template id=&#8221;1622&#8243;]<\/p><\/div>\n\t\t\t\t\t\t\t\t\t<div class=\"elementor-tab-title elementor-tab-mobile-title\" aria-selected=\"false\" data-tab=\"3\" role=\"tab\" tabindex=\"-1\" aria-controls=\"elementor-tab-content-1393\" aria-expanded=\"false\">CONTINUOUS IMPROVEMENT<\/div>\n\t\t\t\t\t<div id=\"elementor-tab-content-1393\" class=\"elementor-tab-content elementor-clearfix\" data-tab=\"3\" role=\"tabpanel\" aria-labelledby=\"elementor-tab-title-1393\" tabindex=\"0\" hidden=\"hidden\"><p>[elementor-template id=&#8221;1638&#8243;]<\/p><\/div>\n\t\t\t\t\t\t\t\t\t<div class=\"elementor-tab-title elementor-tab-mobile-title\" aria-selected=\"false\" data-tab=\"4\" role=\"tab\" tabindex=\"-1\" aria-controls=\"elementor-tab-content-1394\" aria-expanded=\"false\">OCCUPATIONAL<br>SAFETY<br>AND HEALTH<\/div>\n\t\t\t\t\t<div id=\"elementor-tab-content-1394\" class=\"elementor-tab-content elementor-clearfix\" data-tab=\"4\" role=\"tabpanel\" aria-labelledby=\"elementor-tab-title-1394\" tabindex=\"0\" hidden=\"hidden\"><p>[elementor-template id=&#8221;1649&#8243;]<\/p><\/div>\n\t\t\t\t\t\t\t\t\t<div class=\"elementor-tab-title elementor-tab-mobile-title\" aria-selected=\"false\" data-tab=\"5\" role=\"tab\" tabindex=\"-1\" aria-controls=\"elementor-tab-content-1395\" aria-expanded=\"false\">COMMITMENT<br>TO THE<br>ENVIRONMENT<\/div>\n\t\t\t\t\t<div id=\"elementor-tab-content-1395\" class=\"elementor-tab-content elementor-clearfix\" data-tab=\"5\" role=\"tabpanel\" aria-labelledby=\"elementor-tab-title-1395\" tabindex=\"0\" hidden=\"hidden\"><p>[elementor-template id=&#8221;1660&#8243;]<\/p><\/div>\n\t\t\t\t\t\t\t\t\t<div class=\"elementor-tab-title elementor-tab-mobile-title\" aria-selected=\"false\" data-tab=\"6\" role=\"tab\" tabindex=\"-1\" aria-controls=\"elementor-tab-content-1396\" aria-expanded=\"false\">QUALITY AND<br>SAFETY OF<br>PRODUCTS<\/div>\n\t\t\t\t\t<div id=\"elementor-tab-content-1396\" class=\"elementor-tab-content elementor-clearfix\" data-tab=\"6\" role=\"tabpanel\" aria-labelledby=\"elementor-tab-title-1396\" tabindex=\"0\" hidden=\"hidden\"><p>[elementor-template id=&#8221;1666&#8243;]<\/p><\/div>\n\t\t\t\t\t\t\t<\/div>\n\t\t<\/div>\n\t\t\t\t\t\t<\/div>\n\t\t\t\t<\/div>\n\t\t\t\t<div class=\"elementor-element elementor-element-974937b elementor-widget elementor-widget-text-editor\" data-id=\"974937b\" data-element_type=\"widget\" data-widget_type=\"text-editor.default\">\n\t\t\t\t<div class=\"elementor-widget-container\">\n\t\t\t\t\t\t\t\t\t<p>Todos los colaboradores de Vitopel son conscientes que el cumplimiento de esta pol\u00edtica agrega valor al negocio.<\/p><p>Daniel Palacios<\/p><p>CEO<\/p>\t\t\t\t\t\t\t\t<\/div>\n\t\t\t\t<\/div>\n\t\t\t\t\t<\/div>\n\t\t<\/div>\n\t\t\t\t\t<\/div>\n\t\t<\/section>\n\t\t\t\t<section class=\"elementor-section elementor-top-section elementor-element elementor-element-8498cbf elementor-section-boxed elementor-section-height-default elementor-section-height-default\" data-id=\"8498cbf\" data-element_type=\"section\" data-settings=\"{&quot;background_background&quot;:&quot;classic&quot;}\">\n\t\t\t\t\t\t<div class=\"elementor-container elementor-column-gap-default\">\n\t\t\t\t\t<div class=\"elementor-column elementor-col-100 elementor-top-column elementor-element elementor-element-84c38a9\" data-id=\"84c38a9\" data-element_type=\"column\">\n\t\t\t<div class=\"elementor-widget-wrap elementor-element-populated\">\n\t\t\t\t\t\t<div class=\"elementor-element elementor-element-8946599 elementor-widget elementor-widget-image\" data-id=\"8946599\" data-element_type=\"widget\" data-widget_type=\"image.default\">\n\t\t\t\t<div class=\"elementor-widget-container\">\n\t\t\t\t\t\t\t\t\t\t\t\t\t\t\t<img decoding=\"async\" width=\"74\" height=\"77\" src=\"https:\/\/dev.vitopelargentina.com\/wp-content\/uploads\/2022\/12\/logo-vitopel-1.webp\" class=\"attachment-thumbnail size-thumbnail wp-image-1344\" alt=\"\" srcset=\"https:\/\/dev.vitopelargentina.com\/wp-content\/uploads\/2022\/12\/logo-vitopel-1.webp 74w, https:\/\/dev.vitopelargentina.com\/wp-content\/uploads\/2022\/12\/logo-vitopel-1-12x12.webp 12w\" sizes=\"(max-width: 74px) 100vw, 74px\" \/>\t\t\t\t\t\t\t\t\t\t\t\t\t\t\t<\/div>\n\t\t\t\t<\/div>\n\t\t\t\t<div class=\"elementor-element elementor-element-7161491 elementor-widget elementor-widget-heading\" data-id=\"7161491\" data-element_type=\"widget\" data-widget_type=\"heading.default\">\n\t\t\t\t<div class=\"elementor-widget-container\">\n\t\t\t\t\t<h2 class=\"elementor-heading-title elementor-size-default\">WE ARE<br>CERTIFIED<\/h2>\t\t\t\t<\/div>\n\t\t\t\t<\/div>\n\t\t\t\t<div class=\"elementor-element elementor-element-9ae74d7 elementor-align-center elementor-widget elementor-widget-button\" data-id=\"9ae74d7\" data-element_type=\"widget\" data-widget_type=\"button.default\">\n\t\t\t\t<div class=\"elementor-widget-container\">\n\t\t\t\t\t\t\t\t\t<div class=\"elementor-button-wrapper\">\n\t\t\t\t\t<a class=\"elementor-button elementor-button-link elementor-size-sm\" href=\"https:\/\/www.vitopelargentina.com\/certificaciones\/\">\n\t\t\t\t\t\t<span class=\"elementor-button-content-wrapper\">\n\t\t\t\t\t\t\t\t\t<span class=\"elementor-button-text\">Certifications<\/span>\n\t\t\t\t\t<\/span>\n\t\t\t\t\t<\/a>\n\t\t\t\t<\/div>\n\t\t\t\t\t\t\t\t<\/div>\n\t\t\t\t<\/div>\n\t\t\t\t\t<\/div>\n\t\t<\/div>\n\t\t\t\t\t<\/div>\n\t\t<\/section>\n\t\t\t\t<\/div>","protected":false},"excerpt":{"rendered":"<p>POL\u00cdTICAS DEL SISTEMA INTEGRADO DE GESTI\u00d3N Vitopel, empresa productora de soluciones de films para envases flexibles, comprometida en ofrecer productos de calidad e inocuidad, dedica su experiencia y \u00e9tica en la gesti\u00f3n para la satisfacci\u00f3n de sus clientes, la seguridad y la salud de sus empleados, el cuidado del medio ambiente, asume: Compromiso de la [&hellip;]<\/p>","protected":false},"author":2,"featured_media":0,"parent":0,"menu_order":0,"comment_status":"closed","ping_status":"closed","template":"elementor_header_footer","meta":{"footnotes":""},"class_list":["post-1539","page","type-page","status-publish","hentry"],"_links":{"self":[{"href":"https:\/\/dev.vitopelargentina.com\/en\/wp-json\/wp\/v2\/pages\/1539","targetHints":{"allow":["GET"]}}],"collection":[{"href":"https:\/\/dev.vitopelargentina.com\/en\/wp-json\/wp\/v2\/pages"}],"about":[{"href":"https:\/\/dev.vitopelargentina.com\/en\/wp-json\/wp\/v2\/types\/page"}],"author":[{"embeddable":true,"href":"https:\/\/dev.vitopelargentina.com\/en\/wp-json\/wp\/v2\/users\/2"}],"replies":[{"embeddable":true,"href":"https:\/\/dev.vitopelargentina.com\/en\/wp-json\/wp\/v2\/comments?post=1539"}],"version-history":[{"count":140,"href":"https:\/\/dev.vitopelargentina.com\/en\/wp-json\/wp\/v2\/pages\/1539\/revisions"}],"predecessor-version":[{"id":12491,"href":"https:\/\/dev.vitopelargentina.com\/en\/wp-json\/wp\/v2\/pages\/1539\/revisions\/12491"}],"wp:attachment":[{"href":"https:\/\/dev.vitopelargentina.com\/en\/wp-json\/wp\/v2\/media?parent=1539"}],"curies":[{"name":"wp","href":"https:\/\/api.w.org\/{rel}","templated":true}]}}